{"id":3621,"date":"2023-11-06T11:32:21","date_gmt":"2023-11-06T11:32:21","guid":{"rendered":"https:\/\/www.think-global.org\/WP\/?page_id=3621"},"modified":"2023-11-06T11:32:21","modified_gmt":"2023-11-06T11:32:21","slug":"franklin-fair","status":"publish","type":"page","link":"https:\/\/www.think-global.org\/WP\/franklin-fair\/","title":{"rendered":"Franklin-Fair"},"content":{"rendered":"\n<p><em>Nachhaltigkeit<\/em> ist nicht nur Umweltsache. Sondern Zukunftssache. Fairer Handel beim t\u00e4glichen Konsum ist wichtig, da er dazu beitr\u00e4gt, die Lebensbedingungen der Menschen in sogenannten Entwicklungsl\u00e4ndern zu verbessern. Durch den fairen Handel erhalten Produzenten gerechte Preise f\u00fcr ihre Produkte, was ihnen eine angemessene Existenzgrundlage erm\u00f6glicht. Dadurch k\u00f6nnen sie ihre Familien ern\u00e4hren, Bildung und Gesundheitsversorgung finanzieren und in ihre Gemeinschaften investieren.<br>Dar\u00fcber hinaus tr\u00e4gt der faire Handel zur Nachhaltigkeit bei. Fair gehandelte Produkte werden unter Ber\u00fccksichtigung sozialer und \u00f6kologischer Standards hergestellt. Dies bedeutet, dass bei der Produktion keine Kinderarbeit eingesetzt wird, die Umwelt gesch\u00fctzt wird und faire Arbeitsbedingungen gew\u00e4hrleistet sind. Durch den Kauf von fair gehandelten Produkten im Stadtteil k\u00f6nnen die Menschen also einen Beitrag zum Umweltschutz leisten und sicherstellen, dass die Produktion unter ethischen Gesichtspunkten erfolgt.<br>Insgesamt hat der faire Handel also eine gro\u00dfe Bedeutun. Er erm\u00f6glicht den Menschen, bewusste Kaufentscheidungen zu treffen und gleichzeitig die Lebensbedingungen von Produzenten in sogenannten Entwicklungsl\u00e4ndern zu verbessern. Durch den fairen Handel wird eine gerechtere Weltwirtschaft angestrebt, in der alle Menschen die gleichen Chancen haben.<\/p>\n\n\n\n<p>Hier im Stadtteil Franklin m\u00f6chten wir den Fairen Handel durch Veranstaltungen und Infost\u00e4nde voran bringen. Falls Sie uns hierbei unterst\u00fctzen melden Sie sich doch einfach bei uns.<\/p>\n\n\n\n<p><\/p>\n\n\n\n<div class=\"wp-block-contact-form-7-contact-form-selector\">\n<div class=\"wpcf7 no-js\" id=\"wpcf7-f2125-o1\" lang=\"en-US\" dir=\"ltr\" data-wpcf7-id=\"2125\">\n<div class=\"screen-reader-response\"><p role=\"status\" aria-live=\"polite\" aria-atomic=\"true\"><\/p> <ul><\/ul><\/div>\n<form action=\"\/WP\/wp-json\/wp\/v2\/pages\/3621#wpcf7-f2125-o1\" method=\"post\" class=\"wpcf7-form init wpcf7-acceptance-as-validation\" aria-label=\"Contact form\" novalidate=\"novalidate\" data-status=\"init\">\n<fieldset class=\"hidden-fields-container\"><input type=\"hidden\" name=\"_wpcf7\" value=\"2125\" \/><input type=\"hidden\" name=\"_wpcf7_version\" value=\"6.1.3\" \/><input type=\"hidden\" name=\"_wpcf7_locale\" value=\"en_US\" \/><input type=\"hidden\" name=\"_wpcf7_unit_tag\" value=\"wpcf7-f2125-o1\" \/><input type=\"hidden\" name=\"_wpcf7_container_post\" value=\"0\" \/><input type=\"hidden\" name=\"_wpcf7_posted_data_hash\" value=\"\" \/>\n<\/fieldset>\n<p><label> Dein Name (erforderlich)<br \/>\n<span class=\"wpcf7-form-control-wrap\" data-name=\"your-name\"><input size=\"40\" maxlength=\"400\" class=\"wpcf7-form-control wpcf7-text wpcf7-validates-as-required\" aria-required=\"true\" aria-invalid=\"false\" value=\"\" type=\"text\" name=\"your-name\" \/><\/span> <\/label>\n<\/p>\n<p><label> Deine E-Mail (erforderlich)<br \/>\n<span class=\"wpcf7-form-control-wrap\" data-name=\"your-email\"><input size=\"40\" maxlength=\"400\" class=\"wpcf7-form-control wpcf7-email wpcf7-validates-as-required wpcf7-text wpcf7-validates-as-email\" aria-required=\"true\" aria-invalid=\"false\" value=\"\" type=\"email\" name=\"your-email\" \/><\/span> <\/label>\n<\/p>\n<p><label> Deine Nachricht an uns<br \/>\n<span class=\"wpcf7-form-control-wrap\" data-name=\"your-message\"><textarea cols=\"40\" rows=\"10\" maxlength=\"2000\" class=\"wpcf7-form-control wpcf7-textarea\" aria-invalid=\"false\" name=\"your-message\"><\/textarea><\/span> <\/label>\n<\/p>\n<p><span id=\"wpcf7-69de3bea16733-wrapper\" class=\"wpcf7-form-control-wrap Name-wrap\" ><label for=\"wpcf7-69de3bea16733-field\" class=\"hp-message\">Please leave this field empty.<\/label><input id=\"wpcf7-69de3bea16733-field\"  class=\"wpcf7-form-control wpcf7-text\" type=\"text\" name=\"Name\" value=\"\" size=\"40\" tabindex=\"-1\" autocomplete=\"new-password\" \/><\/span>\n<\/p>\n<p><label> Mit der Nutzung dieses Formulars erkl\u00e4rst du dich mit der Verarbeitung deiner Daten durch diese Website einverstanden.<br \/>\n<span class=\"wpcf7-form-control-wrap\" data-name=\"acceptance-171\"><span class=\"wpcf7-form-control wpcf7-acceptance\"><span class=\"wpcf7-list-item\"><input type=\"checkbox\" name=\"acceptance-171\" value=\"1\" aria-invalid=\"false\" \/><\/span><\/span><\/span> <\/label>\n<\/p>\n<p><span class=\"wpcf7-form-control-wrap\" data-name=\"quiz-298\"><label><span class=\"wpcf7-quiz-label\">Spamschutz: Nenne bitte das aktuelle Jahr?<\/span> <input size=\"40\" class=\"wpcf7-form-control wpcf7-quiz\" autocomplete=\"off\" aria-required=\"true\" aria-invalid=\"false\" type=\"text\" name=\"quiz-298\" \/><\/label><input type=\"hidden\" name=\"_wpcf7_quiz_answer_quiz-298\" value=\"8c47727b5ddc0c3809b1440b23912b54\" \/><\/span>\n<\/p>\n<p><input class=\"wpcf7-form-control wpcf7-submit has-spinner\" type=\"submit\" value=\"Senden\" \/>\n<\/p><p style=\"display: none !important;\" class=\"akismet-fields-container\" data-prefix=\"_wpcf7_ak_\"><label>&#916;<textarea name=\"_wpcf7_ak_hp_textarea\" cols=\"45\" rows=\"8\" maxlength=\"100\"><\/textarea><\/label><input type=\"hidden\" id=\"ak_js_1\" name=\"_wpcf7_ak_js\" value=\"233\"\/><script>document.getElementById( \"ak_js_1\" ).setAttribute( \"value\", ( new Date() ).getTime() );<\/script><\/p><div class=\"wpcf7-response-output\" aria-hidden=\"true\"><\/div>\n<\/form>\n<\/div>\n<\/div>\n\n\n\n<p><br><br><\/p>\n","protected":false},"excerpt":{"rendered":"<p>Nachhaltigkeit ist nicht nur Umweltsache. Sondern Zukunftssache. Fairer Handel beim t\u00e4glichen Konsum ist wichtig, da er dazu beitr\u00e4gt, die Lebensbedingungen der Menschen in sogenannten Entwicklungsl\u00e4ndern zu verbessern. Durch den fairen Handel erhalten Produzenten gerechte Preise f\u00fcr ihre Produkte, was ihnen eine angemessene Existenzgrundlage erm\u00f6glicht. Dadurch k\u00f6nnen sie ihre Familien ern\u00e4hren, Bildung und Gesundheitsversorgung finanzieren und [&hellip;]<\/p>\n","protected":false},"author":1,"featured_media":0,"parent":0,"menu_order":0,"comment_status":"closed","ping_status":"closed","template":"","meta":{"footnotes":""},"class_list":["post-3621","page","type-page","status-publish","hentry"],"yoast_head":"<!-- This site is optimized with the Yoast SEO plugin v26.2 - https:\/\/yoast.com\/wordpress\/plugins\/seo\/ -->\n<title>Franklin-Fair - Think-Global e.V.<\/title>\n<meta name=\"robots\" content=\"index, follow, max-snippet:-1, max-image-preview:large, max-video-preview:-1\" \/>\n<link rel=\"canonical\" href=\"https:\/\/www.think-global.org\/WP\/franklin-fair\/\" \/>\n<meta property=\"og:locale\" content=\"de_DE\" \/>\n<meta property=\"og:type\" content=\"article\" \/>\n<meta property=\"og:title\" content=\"Franklin-Fair - Think-Global e.V.\" \/>\n<meta property=\"og:description\" content=\"Nachhaltigkeit ist nicht nur Umweltsache. Sondern Zukunftssache. Fairer Handel beim t\u00e4glichen Konsum ist wichtig, da er dazu beitr\u00e4gt, die Lebensbedingungen der Menschen in sogenannten Entwicklungsl\u00e4ndern zu verbessern. Durch den fairen Handel erhalten Produzenten gerechte Preise f\u00fcr ihre Produkte, was ihnen eine angemessene Existenzgrundlage erm\u00f6glicht. Dadurch k\u00f6nnen sie ihre Familien ern\u00e4hren, Bildung und Gesundheitsversorgung finanzieren und [&hellip;]\" \/>\n<meta property=\"og:url\" content=\"https:\/\/www.think-global.org\/WP\/franklin-fair\/\" \/>\n<meta property=\"og:site_name\" content=\"Think-Global e.V.\" \/>\n<meta name=\"twitter:card\" content=\"summary_large_image\" \/>\n<meta name=\"twitter:label1\" content=\"Gesch\u00e4tzte Lesezeit\" \/>\n\t<meta name=\"twitter:data1\" content=\"2\u00a0Minuten\" \/>\n<script type=\"application\/ld+json\" class=\"yoast-schema-graph\">{\"@context\":\"https:\/\/schema.org\",\"@graph\":[{\"@type\":\"WebPage\",\"@id\":\"https:\/\/www.think-global.org\/WP\/franklin-fair\/\",\"url\":\"https:\/\/www.think-global.org\/WP\/franklin-fair\/\",\"name\":\"Franklin-Fair - Think-Global e.V.\",\"isPartOf\":{\"@id\":\"https:\/\/www.think-global.org\/WP\/#website\"},\"datePublished\":\"2023-11-06T11:32:21+00:00\",\"breadcrumb\":{\"@id\":\"https:\/\/www.think-global.org\/WP\/franklin-fair\/#breadcrumb\"},\"inLanguage\":\"de\",\"potentialAction\":[{\"@type\":\"ReadAction\",\"target\":[\"https:\/\/www.think-global.org\/WP\/franklin-fair\/\"]}]},{\"@type\":\"BreadcrumbList\",\"@id\":\"https:\/\/www.think-global.org\/WP\/franklin-fair\/#breadcrumb\",\"itemListElement\":[{\"@type\":\"ListItem\",\"position\":1,\"name\":\"Startseite\",\"item\":\"https:\/\/www.think-global.org\/WP\/\"},{\"@type\":\"ListItem\",\"position\":2,\"name\":\"Franklin-Fair\"}]},{\"@type\":\"WebSite\",\"@id\":\"https:\/\/www.think-global.org\/WP\/#website\",\"url\":\"https:\/\/www.think-global.org\/WP\/\",\"name\":\"Think-Global e.V.\",\"description\":\"\",\"publisher\":{\"@id\":\"https:\/\/www.think-global.org\/WP\/#organization\"},\"potentialAction\":[{\"@type\":\"SearchAction\",\"target\":{\"@type\":\"EntryPoint\",\"urlTemplate\":\"https:\/\/www.think-global.org\/WP\/?s={search_term_string}\"},\"query-input\":{\"@type\":\"PropertyValueSpecification\",\"valueRequired\":true,\"valueName\":\"search_term_string\"}}],\"inLanguage\":\"de\"},{\"@type\":\"Organization\",\"@id\":\"https:\/\/www.think-global.org\/WP\/#organization\",\"name\":\"Think-Global e.V.\",\"url\":\"https:\/\/www.think-global.org\/WP\/\",\"logo\":{\"@type\":\"ImageObject\",\"inLanguage\":\"de\",\"@id\":\"https:\/\/www.think-global.org\/WP\/#\/schema\/logo\/image\/\",\"url\":\"https:\/\/www.think-global.org\/WP\/wp-content\/uploads\/2023\/07\/Logo-Think-Global-kl.jpg\",\"contentUrl\":\"https:\/\/www.think-global.org\/WP\/wp-content\/uploads\/2023\/07\/Logo-Think-Global-kl.jpg\",\"width\":528,\"height\":209,\"caption\":\"Think-Global e.V.\"},\"image\":{\"@id\":\"https:\/\/www.think-global.org\/WP\/#\/schema\/logo\/image\/\"}}]}<\/script>\n<!-- \/ Yoast SEO plugin. -->","yoast_head_json":{"title":"Franklin-Fair - Think-Global e.V.","robots":{"index":"index","follow":"follow","max-snippet":"max-snippet:-1","max-image-preview":"max-image-preview:large","max-video-preview":"max-video-preview:-1"},"canonical":"https:\/\/www.think-global.org\/WP\/franklin-fair\/","og_locale":"de_DE","og_type":"article","og_title":"Franklin-Fair - Think-Global e.V.","og_description":"Nachhaltigkeit ist nicht nur Umweltsache. Sondern Zukunftssache. Fairer Handel beim t\u00e4glichen Konsum ist wichtig, da er dazu beitr\u00e4gt, die Lebensbedingungen der Menschen in sogenannten Entwicklungsl\u00e4ndern zu verbessern. Durch den fairen Handel erhalten Produzenten gerechte Preise f\u00fcr ihre Produkte, was ihnen eine angemessene Existenzgrundlage erm\u00f6glicht. Dadurch k\u00f6nnen sie ihre Familien ern\u00e4hren, Bildung und Gesundheitsversorgung finanzieren und [&hellip;]","og_url":"https:\/\/www.think-global.org\/WP\/franklin-fair\/","og_site_name":"Think-Global e.V.","twitter_card":"summary_large_image","twitter_misc":{"Gesch\u00e4tzte Lesezeit":"2\u00a0Minuten"},"schema":{"@context":"https:\/\/schema.org","@graph":[{"@type":"WebPage","@id":"https:\/\/www.think-global.org\/WP\/franklin-fair\/","url":"https:\/\/www.think-global.org\/WP\/franklin-fair\/","name":"Franklin-Fair - Think-Global e.V.","isPartOf":{"@id":"https:\/\/www.think-global.org\/WP\/#website"},"datePublished":"2023-11-06T11:32:21+00:00","breadcrumb":{"@id":"https:\/\/www.think-global.org\/WP\/franklin-fair\/#breadcrumb"},"inLanguage":"de","potentialAction":[{"@type":"ReadAction","target":["https:\/\/www.think-global.org\/WP\/franklin-fair\/"]}]},{"@type":"BreadcrumbList","@id":"https:\/\/www.think-global.org\/WP\/franklin-fair\/#breadcrumb","itemListElement":[{"@type":"ListItem","position":1,"name":"Startseite","item":"https:\/\/www.think-global.org\/WP\/"},{"@type":"ListItem","position":2,"name":"Franklin-Fair"}]},{"@type":"WebSite","@id":"https:\/\/www.think-global.org\/WP\/#website","url":"https:\/\/www.think-global.org\/WP\/","name":"Think-Global e.V.","description":"","publisher":{"@id":"https:\/\/www.think-global.org\/WP\/#organization"},"potentialAction":[{"@type":"SearchAction","target":{"@type":"EntryPoint","urlTemplate":"https:\/\/www.think-global.org\/WP\/?s={search_term_string}"},"query-input":{"@type":"PropertyValueSpecification","valueRequired":true,"valueName":"search_term_string"}}],"inLanguage":"de"},{"@type":"Organization","@id":"https:\/\/www.think-global.org\/WP\/#organization","name":"Think-Global e.V.","url":"https:\/\/www.think-global.org\/WP\/","logo":{"@type":"ImageObject","inLanguage":"de","@id":"https:\/\/www.think-global.org\/WP\/#\/schema\/logo\/image\/","url":"https:\/\/www.think-global.org\/WP\/wp-content\/uploads\/2023\/07\/Logo-Think-Global-kl.jpg","contentUrl":"https:\/\/www.think-global.org\/WP\/wp-content\/uploads\/2023\/07\/Logo-Think-Global-kl.jpg","width":528,"height":209,"caption":"Think-Global e.V."},"image":{"@id":"https:\/\/www.think-global.org\/WP\/#\/schema\/logo\/image\/"}}]}},"_links":{"self":[{"href":"https:\/\/www.think-global.org\/WP\/wp-json\/wp\/v2\/pages\/3621","targetHints":{"allow":["GET"]}}],"collection":[{"href":"https:\/\/www.think-global.org\/WP\/wp-json\/wp\/v2\/pages"}],"about":[{"href":"https:\/\/www.think-global.org\/WP\/wp-json\/wp\/v2\/types\/page"}],"author":[{"embeddable":true,"href":"https:\/\/www.think-global.org\/WP\/wp-json\/wp\/v2\/users\/1"}],"replies":[{"embeddable":true,"href":"https:\/\/www.think-global.org\/WP\/wp-json\/wp\/v2\/comments?post=3621"}],"version-history":[{"count":1,"href":"https:\/\/www.think-global.org\/WP\/wp-json\/wp\/v2\/pages\/3621\/revisions"}],"predecessor-version":[{"id":3622,"href":"https:\/\/www.think-global.org\/WP\/wp-json\/wp\/v2\/pages\/3621\/revisions\/3622"}],"wp:attachment":[{"href":"https:\/\/www.think-global.org\/WP\/wp-json\/wp\/v2\/media?parent=3621"}],"curies":[{"name":"wp","href":"https:\/\/api.w.org\/{rel}","templated":true}]}}