{"id":3903,"date":"2026-05-11T12:35:23","date_gmt":"2026-05-11T12:35:23","guid":{"rendered":"https:\/\/www.think-global.org\/WP\/?page_id=3903"},"modified":"2026-05-11T12:38:18","modified_gmt":"2026-05-11T12:38:18","slug":"elektronik-aber-fair","status":"publish","type":"page","link":"https:\/\/www.think-global.org\/WP\/elektronik-aber-fair\/","title":{"rendered":"ELEKTRONIK ABER FAIR"},"content":{"rendered":"\n<p>Willkommen auf der Seite Elektronik-fair.de. Hier finden Sie erg\u00e4nzende Informationen zu der 2025 von uns entwickelten Ausstellung zu Fairer und Nachhaltiger Elektronik die bei uns ausgeliehen werden kann.<\/p>\n\n\n\n<p><em><strong>Die Seite befindet sich noch im Aufbau \/ \u00dcberarbeitung &#8211; Bitte haben Sie noch etwas Geduld<\/strong><\/em><\/p>\n\n\n\n<p>Umweltbewusste K\u00e4ufer wollen immer h\u00e4ufiger Siegel oder Zertifikate sehen. Allerdings hat jedes der verf\u00fcgbaren Label eigene Kriterien und Anforderungen. Fast jeder vierte Verbraucher macht Kaufentscheidungen von Umweltsiegeln abh\u00e4ngig.<\/p>\n\n\n\n<p>Themen wie der Schutz der Umwelt sind f\u00fcr viele Menschen auch bei Kaufentscheidungen wichtiger geworden. In Bezug auf den Wunsch nach nachhaltigerem Konsum gibt es kaum Unterschiede nach Geschlecht oder Alter. Die Auswirkungen des Klimawandels d\u00fcrfte mittlerweile fast jeder gesp\u00fcrt haben. In letzter Konsequenz betrifft das auch den Fachhandel, wenn Kunden nach technischen Ger\u00e4ten verlangen, die sowohl energieeffizient als auch nachhaltig produziert und in Umlauf gebracht wurden. Das gilt sowohl im B2C- als auch im B2B-Gesch\u00e4ft: Nachhaltigkeit ist immer \u00f6fter ein Verkaufsargument.<\/p>\n\n\n\n<p>Es gen\u00fcgt aber nicht, dass Hersteller und Handel nur behaupten, dass bestimmte Produkte weniger Energie verbrauchen und nachhaltig produziert wurden. Die Kunden wollen Belege daf\u00fcr sehen. Daher spielen Umweltsiegel wie der \u201cBlaue Engel\u201d oder das \u201cEU-Ecolabel\u201d eine zunehmende Rolle beim Verkauf technischer Produkte. Sie versprechen mehr Transparenz und informieren potenzielle K\u00e4ufer \u00fcber die umweltgerechte Gestaltung der Produkte.<\/p>\n\n\n\n<p><strong>Ehrgeizige Ziele<\/strong><\/p>\n\n\n\n<p>Manche dieser Siegel sind eine freiwillige Kennzeichnung, andere sind in Deutschland und der EU verpflichtend. Die damit verfolgten Ziele sind durchaus ehrgeizig. So will die Bundesregierung die CO2-Emissionen bis 2030 um 65 Prozent im Vergleich zu 1990 senken. Bis 2045 soll das gesamte Land den Status der \u201cTreibhausgasneutralit\u00e4t\u201d erreichen.<\/p>\n\n\n\n<p>Auch die Europ\u00e4ische Kommission ist nicht unt\u00e4tig. Im Jahr 2005 hat sie die \u00d6kodesign-Richtlinie auf den Weg gebracht. Die wurde seitdem mehrfach aktualisiert und erweitert. Die Richtlinie legt Mindestanforderungen an eine umweltgerechte Gestaltung technischer Produkte fest, um ihre Energieeffizienz und Umweltvertr\u00e4glichkeit zu verbessern. <\/p>\n\n\n\n<p>Die \u00d6kodesign-Richtlinie hat zum Ziel, die Umweltbelastung von Produkten zu reduzieren und gleichzeitig den Energieverbrauch und die Kosten f\u00fcr Verbraucher zu senken. Damit will die Europ\u00e4ische Kommission den Klimawandel bek\u00e4mpfen und nachhaltigere Gesellschaften f\u00f6rdern.<\/p>\n\n\n\n<p>Nach Angaben des Bundesministeriums f\u00fcr Wirtschaft und Klimaschutz k\u00f6nnen allein durch zehn im Jahr 2019 verabschiedete \u00d6kodesign-Verordnungen sowie sechs Energielabel-Verordnungen bis zum Jahr 2030 rund 167 Terawattstunden eingespart werden. Dies entspricht einer Reduzierung von \u00fcber 46 Millionen Tonnen CO2-\u00c4quivalent und damit ungef\u00e4hr dem j\u00e4hrlichen Energieverbrauch D\u00e4nemarks.<\/p>\n\n\n\n<p><strong>Umweltsiegel f\u00fcr technische Ger\u00e4te<\/strong><\/p>\n\n\n\n<p><strong>Blauer Engel:<\/strong> Dieses Umweltsiegel geh\u00f6rt zu den weltweit \u00e4ltesten. Es existiert bereits seit 1978. Heute k\u00fcmmert sich das Bundesumweltministerium um das Siegel. Es wird f\u00fcr Produkte vergeben, die eine geringe Umweltbelastung aufweisen und hohe Anforderungen an Energieeffizienz und Recycling erf\u00fcllen. Aktuell sind mehr als 20.000 Produkte und Dienstleistungen von \u00fcber 1.600 Unternehmen mit dem Blauen Engel ausgezeichnet.<\/p>\n\n\n\n<p>Laut Umfragen des Umweltbundesamtes kennen 90 Prozent der Verbraucher in Deutschland den Blauen Engel. Immerhin 23 Prozent lassen sich durch das Siegel bei ihren Kaufentscheidungen beeinflussen.<\/p>\n\n\n\n<p>Der Blaue Engel soll vor allem eine unparteiische und wirtschaftlich unabh\u00e4ngige, freiwillige Produktkennzeichnung sein. Er ist ein sogenanntes TYP I \u2013 Umweltzeichen, das auf der internationalen Norm DIN EN ISO 14024 basiert. Der Blaue Engel kennt vier prim\u00e4re Schutzziele: \u201csch\u00fctzt die Ressourcen\u201d, \u201csch\u00fctzt Umwelt und Gesundheit\u201d, \u201csch\u00fctzt das Wasser\u201d sowie \u201csch\u00fctzt das Klima\u201d.<\/p>\n\n\n\n<p><strong>TCO-Pr\u00fcfsiegel:<\/strong> TCO Certified ist ein Zertifizierungsprogramm f\u00fcr Elektronikprodukte, das vom schwedischen Dachverband der Angestellten- und Beamtengewerkschaft ins Leben gerufen wurde. Das Programm bewertet Produkte wie Computer-Monitore, Drucker und Smartphones nach Kriterien wie Energieeffizienz, verwendeten Materialien und sozialer Verantwortung.<br>Die Recycling-F\u00e4higkeit technischer Ger\u00e4te spielt f\u00fcr viele Verbraucher eine immer gr\u00f6\u00dfere Rolle.<\/p>\n\n\n\n<p>F\u00fcr Displays gibt es gleich mehrere TCO-Standards: TCO \u201992, \u201995, \u201999, \u201903 sowie \u201906 mit steigender Sch\u00e4rfe. F\u00fcr Drucker gilt TCO \u201999 und f\u00fcr Mobiltelefone TCO \u201901. Insgesamt ist TCO Certified auf 12 Produktkategorien ausgelegt. Der Standard erf\u00fcllt ebenfalls die Anforderungen von ISO 14024 Ecolabel Type 1.<\/p>\n\n\n\n<p>Zu den Pr\u00fcfkriterien geh\u00f6ren unter anderem die verf\u00fcgbaren Produkt- und Nachhaltigkeitsinformationen, eine sozial- und umweltvertr\u00e4gliche Produktion, ein ausgewogenes Verh\u00e4ltnis zwischen Produktleistung und Energieeffizienz, die Verringerung gef\u00e4hrlicher Stoffe sowie R\u00fcckgewinnungsm\u00f6glichkeiten und Wiederverwendung der verwendeten Materialien.<\/p>\n\n\n\n<p><strong>Energy Star: <\/strong>Dieses Umweltlabel wird von der amerikanischen Umweltschutzbeh\u00f6rde EPA (Environmental Protection Agency) und dem US-Energieministerium vergeben. Das Siegel ist auf technische Ger\u00e4te ausgelegt, die besonders energieeffizient sein m\u00fcssen und nicht nur Energie, sondern auch Kosten sparen k\u00f6nnen. Mit dem Energy Star ausgezeichnete Produkte sollen damit deutlich weniger Energie verbrauchen als der Durchschnitt vergleichbarer Ger\u00e4te. Wie viel weniger wird etwa bei Computern durch eine Formel berechnet. Au\u00dferdem m\u00fcssen sie nach einiger Zeit automatisch in den Standby gehen k\u00f6nnen.<br><\/p>\n\n\n\n<p><strong>EU-Ecolabel: <\/strong>Das auch als Euroblume bekannte Siegel wurde bereits 1992 ins Leben gerufen. Es soll im gemeinsamen europ\u00e4ischen Markt als einheitliche Kennzeichnung f\u00fcr umweltfreundliche Produkte und Dienstleistungen dienen. Das EU-Ecolabel soll den gesamten Lebenszyklus eines Produkts ber\u00fccksichtigen. Der Energieverbrauch ist dabei nur eines der gepr\u00fcften Kriterien.<\/p>\n\n\n\n<p>Die Kriterien wurden so ausgelegt, dass nur 10 bis 20 Prozent der Produkte auf dem Markt das Siegel erhalten k\u00f6nnen. So sollen nur die umweltfreundlichsten G\u00fcter davon profitieren.<\/p>\n\n\n\n<p>Das EU-Umweltzeichen soll zum Beispiel garantieren, dass elektronische Bildschirme energieeffizient und reparaturf\u00e4hig sind und nur eine begrenzte Menge gef\u00e4hrlicher Stoffe enthalten. Dar\u00fcber hinaus verlangt die EU ein Minimum an recyceltem Stoffen sowie eine einfache Zerlegung der Produkte. Das soll das Recycling erleichtern.<\/p>\n\n\n\n<p>Energieeffizienzklassen: Heutzutage prangen sie bereits auf vielen technischen Endger\u00e4ten: die Energieeffizienzklassen (EEK) der EU. Sie sollen zum Beispiel auf Monitoren f\u00fcr Orientierung und Vergleichsm\u00f6glichkeiten beim Kauf sorgen. Die verf\u00fcgbaren Klassen reichen von \u201cA\u201d bis zu \u201cG\u201d.<\/p>\n\n\n\n<p>2021 wurden sie aktualisiert. Die Effizienzklassen A+ bis A+++ sind entfallen. Zun\u00e4chst gibt es keine Ger\u00e4te der Klasse A mehr, damit die Hersteller einen Anreiz haben, sich zu verbessern. Generell gilt aber: Je weiter vorne im Alphabet ein Ger\u00e4t eingestuft wird, umso effizienter arbeitet es.<\/p>\n\n\n\n<p class=\"has-text-align-right\">Quelle: Channelpartner<\/p>\n\n\n\n<p><\/p>\n","protected":false},"excerpt":{"rendered":"<p>Willkommen auf der Seite Elektronik-fair.de. Hier finden Sie erg\u00e4nzende Informationen zu der 2025 von uns entwickelten Ausstellung zu Fairer und Nachhaltiger Elektronik die bei uns ausgeliehen werden kann. Die Seite befindet sich noch im Aufbau \/ \u00dcberarbeitung &#8211; Bitte haben Sie noch etwas Geduld Umweltbewusste K\u00e4ufer wollen immer h\u00e4ufiger Siegel oder Zertifikate sehen. Allerdings hat [&hellip;]<\/p>\n","protected":false},"author":1,"featured_media":0,"parent":0,"menu_order":0,"comment_status":"closed","ping_status":"closed","template":"","meta":{"footnotes":""},"class_list":["post-3903","page","type-page","status-publish","hentry"],"yoast_head":"<!-- This site is optimized with the Yoast SEO plugin v26.2 - https:\/\/yoast.com\/wordpress\/plugins\/seo\/ -->\n<title>ELEKTRONIK ABER FAIR - Think-Global e.V.<\/title>\n<meta name=\"robots\" content=\"index, follow, max-snippet:-1, max-image-preview:large, max-video-preview:-1\" \/>\n<link rel=\"canonical\" href=\"https:\/\/www.think-global.org\/WP\/elektronik-aber-fair\/\" \/>\n<meta property=\"og:locale\" content=\"de_DE\" \/>\n<meta property=\"og:type\" content=\"article\" \/>\n<meta property=\"og:title\" content=\"ELEKTRONIK ABER FAIR - Think-Global e.V.\" \/>\n<meta property=\"og:description\" content=\"Willkommen auf der Seite Elektronik-fair.de. Hier finden Sie erg\u00e4nzende Informationen zu der 2025 von uns entwickelten Ausstellung zu Fairer und Nachhaltiger Elektronik die bei uns ausgeliehen werden kann. Die Seite befindet sich noch im Aufbau \/ \u00dcberarbeitung &#8211; Bitte haben Sie noch etwas Geduld Umweltbewusste K\u00e4ufer wollen immer h\u00e4ufiger Siegel oder Zertifikate sehen. Allerdings hat [&hellip;]\" \/>\n<meta property=\"og:url\" content=\"https:\/\/www.think-global.org\/WP\/elektronik-aber-fair\/\" \/>\n<meta property=\"og:site_name\" content=\"Think-Global e.V.\" \/>\n<meta property=\"article:modified_time\" content=\"2026-05-11T12:38:18+00:00\" \/>\n<meta name=\"twitter:card\" content=\"summary_large_image\" \/>\n<meta name=\"twitter:label1\" content=\"Gesch\u00e4tzte Lesezeit\" \/>\n\t<meta name=\"twitter:data1\" content=\"6\u00a0Minuten\" \/>\n<script type=\"application\/ld+json\" class=\"yoast-schema-graph\">{\"@context\":\"https:\/\/schema.org\",\"@graph\":[{\"@type\":\"WebPage\",\"@id\":\"https:\/\/www.think-global.org\/WP\/elektronik-aber-fair\/\",\"url\":\"https:\/\/www.think-global.org\/WP\/elektronik-aber-fair\/\",\"name\":\"ELEKTRONIK ABER FAIR - Think-Global e.V.\",\"isPartOf\":{\"@id\":\"https:\/\/www.think-global.org\/WP\/#website\"},\"datePublished\":\"2026-05-11T12:35:23+00:00\",\"dateModified\":\"2026-05-11T12:38:18+00:00\",\"breadcrumb\":{\"@id\":\"https:\/\/www.think-global.org\/WP\/elektronik-aber-fair\/#breadcrumb\"},\"inLanguage\":\"de\",\"potentialAction\":[{\"@type\":\"ReadAction\",\"target\":[\"https:\/\/www.think-global.org\/WP\/elektronik-aber-fair\/\"]}]},{\"@type\":\"BreadcrumbList\",\"@id\":\"https:\/\/www.think-global.org\/WP\/elektronik-aber-fair\/#breadcrumb\",\"itemListElement\":[{\"@type\":\"ListItem\",\"position\":1,\"name\":\"Startseite\",\"item\":\"https:\/\/www.think-global.org\/WP\/\"},{\"@type\":\"ListItem\",\"position\":2,\"name\":\"ELEKTRONIK ABER FAIR\"}]},{\"@type\":\"WebSite\",\"@id\":\"https:\/\/www.think-global.org\/WP\/#website\",\"url\":\"https:\/\/www.think-global.org\/WP\/\",\"name\":\"Think-Global e.V.\",\"description\":\"\",\"publisher\":{\"@id\":\"https:\/\/www.think-global.org\/WP\/#organization\"},\"potentialAction\":[{\"@type\":\"SearchAction\",\"target\":{\"@type\":\"EntryPoint\",\"urlTemplate\":\"https:\/\/www.think-global.org\/WP\/?s={search_term_string}\"},\"query-input\":{\"@type\":\"PropertyValueSpecification\",\"valueRequired\":true,\"valueName\":\"search_term_string\"}}],\"inLanguage\":\"de\"},{\"@type\":\"Organization\",\"@id\":\"https:\/\/www.think-global.org\/WP\/#organization\",\"name\":\"Think-Global e.V.\",\"url\":\"https:\/\/www.think-global.org\/WP\/\",\"logo\":{\"@type\":\"ImageObject\",\"inLanguage\":\"de\",\"@id\":\"https:\/\/www.think-global.org\/WP\/#\/schema\/logo\/image\/\",\"url\":\"https:\/\/www.think-global.org\/WP\/wp-content\/uploads\/2023\/07\/Logo-Think-Global-kl.jpg\",\"contentUrl\":\"https:\/\/www.think-global.org\/WP\/wp-content\/uploads\/2023\/07\/Logo-Think-Global-kl.jpg\",\"width\":528,\"height\":209,\"caption\":\"Think-Global e.V.\"},\"image\":{\"@id\":\"https:\/\/www.think-global.org\/WP\/#\/schema\/logo\/image\/\"}}]}<\/script>\n<!-- \/ Yoast SEO plugin. -->","yoast_head_json":{"title":"ELEKTRONIK ABER FAIR - Think-Global e.V.","robots":{"index":"index","follow":"follow","max-snippet":"max-snippet:-1","max-image-preview":"max-image-preview:large","max-video-preview":"max-video-preview:-1"},"canonical":"https:\/\/www.think-global.org\/WP\/elektronik-aber-fair\/","og_locale":"de_DE","og_type":"article","og_title":"ELEKTRONIK ABER FAIR - Think-Global e.V.","og_description":"Willkommen auf der Seite Elektronik-fair.de. Hier finden Sie erg\u00e4nzende Informationen zu der 2025 von uns entwickelten Ausstellung zu Fairer und Nachhaltiger Elektronik die bei uns ausgeliehen werden kann. Die Seite befindet sich noch im Aufbau \/ \u00dcberarbeitung &#8211; Bitte haben Sie noch etwas Geduld Umweltbewusste K\u00e4ufer wollen immer h\u00e4ufiger Siegel oder Zertifikate sehen. Allerdings hat [&hellip;]","og_url":"https:\/\/www.think-global.org\/WP\/elektronik-aber-fair\/","og_site_name":"Think-Global e.V.","article_modified_time":"2026-05-11T12:38:18+00:00","twitter_card":"summary_large_image","twitter_misc":{"Gesch\u00e4tzte Lesezeit":"6\u00a0Minuten"},"schema":{"@context":"https:\/\/schema.org","@graph":[{"@type":"WebPage","@id":"https:\/\/www.think-global.org\/WP\/elektronik-aber-fair\/","url":"https:\/\/www.think-global.org\/WP\/elektronik-aber-fair\/","name":"ELEKTRONIK ABER FAIR - Think-Global e.V.","isPartOf":{"@id":"https:\/\/www.think-global.org\/WP\/#website"},"datePublished":"2026-05-11T12:35:23+00:00","dateModified":"2026-05-11T12:38:18+00:00","breadcrumb":{"@id":"https:\/\/www.think-global.org\/WP\/elektronik-aber-fair\/#breadcrumb"},"inLanguage":"de","potentialAction":[{"@type":"ReadAction","target":["https:\/\/www.think-global.org\/WP\/elektronik-aber-fair\/"]}]},{"@type":"BreadcrumbList","@id":"https:\/\/www.think-global.org\/WP\/elektronik-aber-fair\/#breadcrumb","itemListElement":[{"@type":"ListItem","position":1,"name":"Startseite","item":"https:\/\/www.think-global.org\/WP\/"},{"@type":"ListItem","position":2,"name":"ELEKTRONIK ABER FAIR"}]},{"@type":"WebSite","@id":"https:\/\/www.think-global.org\/WP\/#website","url":"https:\/\/www.think-global.org\/WP\/","name":"Think-Global e.V.","description":"","publisher":{"@id":"https:\/\/www.think-global.org\/WP\/#organization"},"potentialAction":[{"@type":"SearchAction","target":{"@type":"EntryPoint","urlTemplate":"https:\/\/www.think-global.org\/WP\/?s={search_term_string}"},"query-input":{"@type":"PropertyValueSpecification","valueRequired":true,"valueName":"search_term_string"}}],"inLanguage":"de"},{"@type":"Organization","@id":"https:\/\/www.think-global.org\/WP\/#organization","name":"Think-Global e.V.","url":"https:\/\/www.think-global.org\/WP\/","logo":{"@type":"ImageObject","inLanguage":"de","@id":"https:\/\/www.think-global.org\/WP\/#\/schema\/logo\/image\/","url":"https:\/\/www.think-global.org\/WP\/wp-content\/uploads\/2023\/07\/Logo-Think-Global-kl.jpg","contentUrl":"https:\/\/www.think-global.org\/WP\/wp-content\/uploads\/2023\/07\/Logo-Think-Global-kl.jpg","width":528,"height":209,"caption":"Think-Global e.V."},"image":{"@id":"https:\/\/www.think-global.org\/WP\/#\/schema\/logo\/image\/"}}]}},"_links":{"self":[{"href":"https:\/\/www.think-global.org\/WP\/wp-json\/wp\/v2\/pages\/3903","targetHints":{"allow":["GET"]}}],"collection":[{"href":"https:\/\/www.think-global.org\/WP\/wp-json\/wp\/v2\/pages"}],"about":[{"href":"https:\/\/www.think-global.org\/WP\/wp-json\/wp\/v2\/types\/page"}],"author":[{"embeddable":true,"href":"https:\/\/www.think-global.org\/WP\/wp-json\/wp\/v2\/users\/1"}],"replies":[{"embeddable":true,"href":"https:\/\/www.think-global.org\/WP\/wp-json\/wp\/v2\/comments?post=3903"}],"version-history":[{"count":3,"href":"https:\/\/www.think-global.org\/WP\/wp-json\/wp\/v2\/pages\/3903\/revisions"}],"predecessor-version":[{"id":3907,"href":"https:\/\/www.think-global.org\/WP\/wp-json\/wp\/v2\/pages\/3903\/revisions\/3907"}],"wp:attachment":[{"href":"https:\/\/www.think-global.org\/WP\/wp-json\/wp\/v2\/media?parent=3903"}],"curies":[{"name":"wp","href":"https:\/\/api.w.org\/{rel}","templated":true}]}}